{"id":767,"date":"2022-07-14T10:36:12","date_gmt":"2022-07-14T08:36:12","guid":{"rendered":"https:\/\/trener.awf.poznan.pl\/osiedlowy\/?page_id=767"},"modified":"2022-07-14T10:43:31","modified_gmt":"2022-07-14T08:43:31","slug":"igrzyska-trenera-2022","status":"publish","type":"page","link":"https:\/\/trener.awf.poznan.pl\/osiedlowy\/przykladowa-strona\/igrzyska-trenera-2022\/","title":{"rendered":"IGRZYSKA TRENERA 2022"},"content":{"rendered":"<p>Rozpoczynamy drug\u0105 edycj\u0119 Igrzysk Trenera Osiedlowego 2022!<\/p>\n<p>Od 11.07.2022 r. co tydzie\u0144 w ka\u017cdy poniedzia\u0142ek b\u0119d\u0105 udost\u0119pniane\u00a0<a href=\"https:\/\/www.facebook.com\/TrenerOsiedlowy\">na naszym fanpage-u &gt;&gt;KLIKNIJ TU&lt;&lt;&lt;\u00a0<\/a>oraz przez trener\u00f3w Osiedlowych konkurencje dla ka\u017cdej grupy wiekowej. Czas na wykonanie zadania \u2013 7 dni ( do poniedzia\u0142ku kolejnego tygodnia). Wyj\u0105tek stanowi okres wakacyjny (od 1.07.2021 do 31.08.2021) w kt\u00f3rym czas na wykonanie zadania b\u0119dzie wynosi\u0142 trzy tygodnie (nieobecno\u015b\u0107 na boisku Trenera Osiedlowego lub uczestnika zaj\u0119\u0107 z powodu urlopu\/wyjazdu).<\/p>\n<p><a href=\"http:\/\/trener.awf.poznan.pl\/osiedlowy\/wp-content\/uploads\/2022\/07\/KARTA-ZGLOSZENIOWA-IGRZYSK-TRENERA-OSIEDLOWGO-2022.pdf\">POBIERZ KART\u0118 ZG\u0141OSZENIOW\u0104<\/a><\/p>\n<p>W zawodach sportowych mo\u017ce wzi\u0105\u0107 udzia\u0142 ka\u017cdy uczestnik programu \u201eTrener Osiedlowy\u201d. Udzia\u0142 w zawodach nie jest obowi\u0105zkowy. Osoba bior\u0105ca udzia\u0142 w zawodach mo\u017ce wykona\u0107 zadanie JEDEN RAZ. Uczestnik zawod\u00f3w( w razie potrzeby) ma obowi\u0105zek okaza\u0107 dow\u00f3d to\u017csamo\u015bci (legitymacja szkolna) potwierdzaj\u0105cy wiek uczestnika w celu weryfikacji przez Trenera Osiedlowego lub Organizatora zawod\u00f3w . Choroba lub d\u0142u\u017csza nieobecno\u015b\u0107 na zaj\u0119ciach nie uprawnia do wyd\u0142u\u017conego czasu na wykonanie zadania.<\/p>\n<p>Wyr\u00f3\u017cnili\u015bmy trzy kategorie wiekowe (<strong>W ka\u017cdej kategorii wiekowej licz\u0105 si\u0119 SKO\u0143CZONE lata, nie klasa do kt\u00f3rej si\u0119 ucz\u0119szcza)\u00a0<\/strong><\/p>\n<ul>\n<li>\n<ul>\n<li><strong>M\u0142odziak (8-10 lat\u00a0\u00a0 Roczniki\u00a0 2012 \u2013 2014)<\/strong><\/li>\n<li><strong>Tytan (11- 13 lat Roczniki 2009 \u2013 2011)<\/strong><\/li>\n<li><strong>Herkules (14 -16 lat Roczniki 2006 \u2013 2008)<\/strong><\/li>\n<\/ul>\n<\/li>\n<\/ul>\n<p>W ka\u017cdy poniedzia\u0142ek b\u0119dzie udost\u0119pnione zadanie na dany tydzie\u0144 z dok\u0142adnym opisem jak je wykona\u0107. Zadania b\u0119d\u0105 dostosowane do 3 kategorii wiekowych. Ka\u017cdy uczestnik mo\u017ce wykona\u0107 dane zadanie JEDEN RAZ. Od razu po wykonaniu zadania Trener Osiedlowy wpisuje wynik uczestnika do specjalnego arkusza. Przez okres trwania Igrzysk Trenera Osiedlowego uczestnicy zbieraj\u0105 punkty za wykonanie poszczeg\u00f3lnych zada\u0144. 09.10.2022, zawodnicy z pierwszych dziesi\u0119ciu miejsc w ka\u017cdej kategorii wiekowej zostan\u0105 zaproszeni na Fina\u0142 Igrzysk Trenera Osiedlowego gdzie b\u0119d\u0105 walczy\u0107 nagrody. Warunkiem uczestnictwa w finale jest uko\u0144czenie minimum 9 z 13\u00a0 zada\u0144. W przypadku, gdy mniej ni\u017c 10 os\u00f3b z danej kategorii wiekowej wykona minimum 9 zada\u0144, tylko te osoby, kt\u00f3re wykonaj\u0105 minimaln\u0105 ilo\u015b\u0107 zada\u0144 spotkaj\u0105 si\u0119 w finale.<br \/>\nPo uko\u0144czeniu 13 zada\u0144 eliminacyjnych wszystkim uczestnikom zakwalifikowanym do fina\u0142u dotychczas zdobyte punkty si\u0119 zeruj\u0105. Ka\u017cdy z zawodnik\u00f3w w finale zaczyna od zera. Ka\u017cdy z zawodnik\u00f3w b\u0119dzie bra\u0142 udzia\u0142 trzech konkurencjach fina\u0142owych.<\/p>\n<p>Warunkiem udzia\u0142u w Igrzyskach Trenera Osiedlowego 2022 jest podpisane o\u015bwiadczenie rodzica\/opiekuna, kt\u00f3re otrzymacie od swoich Trener\u00f3w Osiedlowych oraz akceptacja regulaminu Igrzysk:\u00a0<a href=\"http:\/\/trener.awf.poznan.pl\/osiedlowy\/wp-content\/uploads\/2022\/07\/REGULAMIN-IGRZYSK-TRENERA-OSIEDLOWEGO-2022.pdf\">Regulamin dost\u0119pny jest na naszej stronie. &gt;&gt;&gt;kliknij tu &lt;&lt;&lt;\u00a0<\/a><br \/>\nJe\u015bli aktywno\u015b\u0107 fizyczna sprawia Ci rado\u015b\u0107 i chcesz spr\u00f3bowa\u0107 swoich si\u0142 w r\u00f3\u017cnorodnych konkurencjach \u2013 te zawody s\u0105 w\u0142a\u015bnie dla Ciebie!<\/p>\n","protected":false},"excerpt":{"rendered":"<p>Rozpoczynamy drug\u0105 edycj\u0119 Igrzysk Trenera Osiedlowego 2022! Od 11.07.2022 r. co tydzie\u0144 w ka\u017cdy poniedzia\u0142ek b\u0119d\u0105 udost\u0119pniane\u00a0na naszym fanpage-u &gt;&gt;KLIKNIJ TU&lt;&lt;&lt;\u00a0oraz przez trener\u00f3w Osiedlowych konkurencje dla ka\u017cdej grupy wiekowej. Czas na wykonanie zadania \u2013 7 dni ( do poniedzia\u0142ku kolejnego tygodnia). Wyj\u0105tek stanowi okres wakacyjny (od 1.07.2021 do 31.08.2021) w kt\u00f3rym czas na wykonanie zadania [&hellip;]<\/p>\n","protected":false},"author":4,"featured_media":0,"parent":2,"menu_order":0,"comment_status":"closed","ping_status":"closed","template":"","meta":{"footnotes":""},"_links":{"self":[{"href":"https:\/\/trener.awf.poznan.pl\/osiedlowy\/wp-json\/wp\/v2\/pages\/767"}],"collection":[{"href":"https:\/\/trener.awf.poznan.pl\/osiedlowy\/wp-json\/wp\/v2\/pages"}],"about":[{"href":"https:\/\/trener.awf.poznan.pl\/osiedlowy\/wp-json\/wp\/v2\/types\/page"}],"author":[{"embeddable":true,"href":"https:\/\/trener.awf.poznan.pl\/osiedlowy\/wp-json\/wp\/v2\/users\/4"}],"replies":[{"embeddable":true,"href":"https:\/\/trener.awf.poznan.pl\/osiedlowy\/wp-json\/wp\/v2\/comments?post=767"}],"version-history":[{"count":3,"href":"https:\/\/trener.awf.poznan.pl\/osiedlowy\/wp-json\/wp\/v2\/pages\/767\/revisions"}],"predecessor-version":[{"id":772,"href":"https:\/\/trener.awf.poznan.pl\/osiedlowy\/wp-json\/wp\/v2\/pages\/767\/revisions\/772"}],"up":[{"embeddable":true,"href":"https:\/\/trener.awf.poznan.pl\/osiedlowy\/wp-json\/wp\/v2\/pages\/2"}],"wp:attachment":[{"href":"https:\/\/trener.awf.poznan.pl\/osiedlowy\/wp-json\/wp\/v2\/media?parent=767"}],"curies":[{"name":"wp","href":"https:\/\/api.w.org\/{rel}","templated":true}]}}