{"id":80,"date":"2016-04-20T13:09:41","date_gmt":"2016-04-20T11:09:41","guid":{"rendered":"http:\/\/localhost\/www\/sigmeo\/trener-osiedlowy-wordpress\/?page_id=80"},"modified":"2021-05-19T15:31:28","modified_gmt":"2021-05-19T13:31:28","slug":"galeria","status":"publish","type":"page","link":"https:\/\/trener.awf.poznan.pl\/osiedlowy\/galeria\/","title":{"rendered":"Galeria"},"content":{"rendered":"<p>Zawsze aktualn\u0105 galeri\u0119 zdj\u0119\u0107 z naszych zaj\u0119\u0107 znajdziecie na Facebook-owym profilu programu:<\/p>\n<p><a href=\"https:\/\/www.facebook.com\/TrenerOsiedlowy\/photos\/\">https:\/\/www.facebook.com\/TrenerOsiedlowy\/photos\/<\/a><\/p>\n","protected":false},"excerpt":{"rendered":"<p>Zawsze aktualn\u0105 galeri\u0119 zdj\u0119\u0107 z naszych zaj\u0119\u0107 znajdziecie na Facebook-owym profilu programu: https:\/\/www.facebook.com\/TrenerOsiedlowy\/photos\/<\/p>\n","protected":false},"author":1,"featured_media":0,"parent":0,"menu_order":0,"comment_status":"closed","ping_status":"closed","template":"","meta":{"footnotes":""},"_links":{"self":[{"href":"https:\/\/trener.awf.poznan.pl\/osiedlowy\/wp-json\/wp\/v2\/pages\/80"}],"collection":[{"href":"https:\/\/trener.awf.poznan.pl\/osiedlowy\/wp-json\/wp\/v2\/pages"}],"about":[{"href":"https:\/\/trener.awf.poznan.pl\/osiedlowy\/wp-json\/wp\/v2\/types\/page"}],"author":[{"embeddable":true,"href":"https:\/\/trener.awf.poznan.pl\/osiedlowy\/wp-json\/wp\/v2\/users\/1"}],"replies":[{"embeddable":true,"href":"https:\/\/trener.awf.poznan.pl\/osiedlowy\/wp-json\/wp\/v2\/comments?post=80"}],"version-history":[{"count":3,"href":"https:\/\/trener.awf.poznan.pl\/osiedlowy\/wp-json\/wp\/v2\/pages\/80\/revisions"}],"predecessor-version":[{"id":627,"href":"https:\/\/trener.awf.poznan.pl\/osiedlowy\/wp-json\/wp\/v2\/pages\/80\/revisions\/627"}],"wp:attachment":[{"href":"https:\/\/trener.awf.poznan.pl\/osiedlowy\/wp-json\/wp\/v2\/media?parent=80"}],"curies":[{"name":"wp","href":"https:\/\/api.w.org\/{rel}","templated":true}]}}