{"id":14,"date":"2016-04-15T11:13:30","date_gmt":"2016-04-15T09:13:30","guid":{"rendered":"http:\/\/localhost\/www\/sigmeo\/trener-osiedlowy-wordpress\/?page_id=14"},"modified":"2025-02-14T10:37:08","modified_gmt":"2025-02-14T09:37:08","slug":"regulamin","status":"publish","type":"page","link":"https:\/\/trener.awf.poznan.pl\/senioralny\/regulamin\/","title":{"rendered":"Regulamin"},"content":{"rendered":"<p><strong>Regulamin uczestnictwa w programie \u201eTrener Osiedlowy, Trener Senioralny\u201d- komponent Trener Senioralny.<\/strong><\/p>\n<ol>\n<li>\u201eTrener Senioralny\u201d jest komponentem projektu \u201eTrener Osiedlowy, Trener Senioralny\u201d realizowanym przez Fundacj\u0119 na rzecz Akademii Wychowania Fizycznego im. Eugeniusza Piaseckiego w Poznaniu.<\/li>\n<li>Zaj\u0119cia maj\u0105 charakter sportowo- rekreacyjny i przeznaczone s\u0105 dla os\u00f3b <strong>po 60 roku \u017cycia<\/strong> <strong>zamieszkuj\u0105cych na sta\u0142e na terenie miasta Poznania. <u>Warunkiem uczestnictwa w zaj\u0119ciach jest wype\u0142nienie o\u015bwiadczenia o miejscu zamieszkania oraz wyra\u017cenie zgody na zawarte klauzule. <\/u><\/strong><\/li>\n<li>Zaj\u0119cia odbywaj\u0105 si\u0119 w \u015bci\u015ble okre\u015blonych lokalizacjach i godzinach podanych na stronie internetowej programu www.trener.awf.poznan.pl\/seniorlany<\/li>\n<li>Zapisy na zaj\u0119cia odbywaj\u0105 si\u0119 bezpo\u015brednio u os\u00f3b odpowiedzialnych za dane zaj\u0119cia, do kt\u00f3rych dane kontaktowe s\u0105 podane na stronie internetowej programu. O zakwalifikowaniu decyduje kolejno\u015b\u0107 zg\u0142osze\u0144. W razie wyczerpania limitu miejsc tworzona jest lista rezerwowa. W razie zwolnienia si\u0119 miejsca, osoby z tej listy maja pierwsze\u0144stwo w uczestnictwie w zaj\u0119ciach. O ile pozwol\u0105 na to mo\u017cliwo\u015bci finansowe organizatora z grupy rezerwowej powsta\u0107 mo\u017ce dodatkowa grupa \u0107wiczebna. Rekrutacja na zaj\u0119cia odbywa si\u0119 minimum dwa razu w roku.<\/li>\n<li>W przypadku zaj\u0119\u0107 z ograniczon\u0105 liczb\u0105 miejsc, <strong>mo\u017cliwa jest trzykrotna absencja w zaj\u0119ciach, NIEZALE\u017bNIE OD PRZYCZYN (prosimy w \u017cadnym razie NIE PRZYNOSI\u0106 dokumentacji medycznej!). Nast\u0119pna nieobecno\u015b\u0107 powoduje skre\u015blenie z listy uczestnik\u00f3w<\/strong>, a na miejsce osoby skre\u015blonej wpisywana jest osoba z listy rezerwowej. Osoba skre\u015blona przez absencj\u0119 nie mo\u017ce zg\u0142osi\u0107 si\u0119 ponownie na zaj\u0119cia przez okres sze\u015bciu miesi\u0119cy od daty skre\u015blenia.<\/li>\n<li><strong>Uczestnik winien posiada\u0107 wa\u017cne ubezpieczenie NNW obejmuj\u0105ce swym zakresem uprawianie wybranego sportu.<\/strong><\/li>\n<li>Ka\u017cdy uczestnik powinien posiada\u0107 str\u00f3j sportowy dostosowany do warunk\u00f3w atmosferycznych i rodzaju prowadzonych zaj\u0119\u0107.<\/li>\n<li>Uczestnik uczestniczy w zaj\u0119ciach na w\u0142asne ryzyko zgodnie ze znajomo\u015bci\u0105 w\u0142asnych mo\u017cliwo\u015bci i ogranicze\u0144.<\/li>\n<li>Osoby uczestnicz\u0105ce w zaj\u0119ciach s\u0105 zobowi\u0105zane do zachowania ostro\u017cno\u015bci w trakcie wykonywania \u0107wicze\u0144.<\/li>\n<li>W zaj\u0119ciach nie mog\u0105 uczestniczy\u0107 osoby, kt\u00f3re maj\u0105 wyra\u017ane przeciwwskazania lekarskie do zaj\u0119\u0107 zwi\u0105zanych z wysi\u0142kiem fizycznym.<\/li>\n<li>W przypadku odniesienia urazu, kontuzji lub z\u0142ego samopoczucia Uczestnik zaj\u0119\u0107 powinien natychmiast zg\u0142osi\u0107 si\u0119 do instruktora i poinformowa\u0107 go o swojej dolegliwo\u015bci.<\/li>\n<li>Organizator nie ponosi odpowiedzialno\u015bci za ewentualne negatywne nast\u0119pstwa dla zdrowia Uczestnika wynikaj\u0105ce z uczestnictwa w wykonywaniu \u0107wicze\u0144 w czasie zaj\u0119\u0107 sportowych organizowanych zgodnie z wszelkimi zasadami sportowymi.<\/li>\n<li>W razie niew\u0142a\u015bciwego zachowania Uczestnika zaj\u0119\u0107, w tym zachowania zagra\u017caj\u0105cego zdrowiu, \u017cyciu, bezpiecze\u0144stwu swojemu i innych uczestnik\u00f3w lub zachowania dezorganizuj\u0105ce i utrudniaj\u0105ce prowadzenie zaj\u0119\u0107 dla grupy, prowadz\u0105cy zaj\u0119cia ma prawo do wyci\u0105gni\u0119cia wobec niego konsekwencji obejmuj\u0105cych wykluczenie z zaj\u0119\u0107.<\/li>\n<li>Uczestnika obowi\u0105zuje dba\u0142o\u015b\u0107 o dobry stan urz\u0105dze\u0144, udost\u0119pnianego sprz\u0119tu sportowego oraz miejsca treningowego. Za wszelkie szkody powsta\u0142e z winy Uczestnika ponosi on odpowiedzialno\u015b\u0107 finansow\u0105<\/li>\n<li>W czasie uczestnictwa w zaj\u0119ciach obowi\u0105zuje bezwzgl\u0119dny zakaz spo\u017cywania, b\u0105d\u017a bycia pod wp\u0142ywem alkoholu czy \u015brodk\u00f3w odurzaj\u0105cych oraz palenia tytoniu a uczestnik\u00f3w obowi\u0105zuje kultura osobista oraz bezwzgl\u0119dny zakaz u\u017cywania niecenzuralnych wyraz\u00f3w.<\/li>\n<li>Uczestnik zaj\u0119\u0107, o\u015bwiadcza, \u017ce jest zdrowy, nie ma objaw\u00f3w infekcji lub choroby zaka\u017anej, nie zamieszkiwa\u0142 z osob\u0105 przebywaj\u0105c\u0105 na kwarantannie lub izolacji w warunkach domowych w okresie 14 dni przed rozpocz\u0119ciem zaj\u0119\u0107. W przypadku wyst\u0119powania u uczestnika chor\u00f3b przewlek\u0142ych konieczne jest dostarczenie opinii lekarskiej o braku przeciwwskaza\u0144 zdrowotnych do udzia\u0142u w zaj\u0119ciach.<\/li>\n<li>Organizator nie ponosi odpowiedzialno\u015bci za rzeczy pozostawione w szatniach oraz innych miejscach przeznaczonych na zmian\u0119 stroju na sportowy.<\/li>\n<li>Organizator zastrzega sobie prawo do zmiany terminu, godziny i miejsca odbywania si\u0119 zaj\u0119\u0107 oraz regulaminu o czym poinformuje za pomoc\u0105 strony internetowej.<\/li>\n<li>Organizator ma prawo do wykonywania zdj\u0119\u0107, film\u00f3w oraz innych materia\u0142\u00f3w a uczestnictwo w zaj\u0119ciach oraz imprezach realizowanych w ramach programu jest jednoznaczne z wyra\u017ceniem zgody na: upublicznianie swojego wizerunku przez organizatora na potrzeby promocji projektu, zgodnie z ustaw\u0105 z dnia 4 lutego 1994 r. o prawie autorskim i prawach pokrewnych (Dz. U. z 2000 r., Nr 80, poz. 904 ze zm.) oraz zgod\u0105 na przetwarzanie swoich danych osobowych zgodnie z ustaw\u0105 z dnia 29 sierpnia 1997 r. o ochronie danych osobowych (Dz. U. 1997 Nr 133 poz. 883), na potrzeby realizacji dzia\u0142a\u0144 oraz w zakresie sprawozdawczo\u015bci.<\/li>\n<li>Uczestnictwo w zaj\u0119ciach jest jednoznaczne z akceptacj\u0105 powy\u017cszego regulaminu.<\/li>\n<\/ol>\n","protected":false},"excerpt":{"rendered":"<p>Regulamin uczestnictwa w programie \u201eTrener Osiedlowy, Trener Senioralny\u201d- komponent Trener Senioralny. \u201eTrener Senioralny\u201d jest komponentem projektu \u201eTrener Osiedlowy, Trener Senioralny\u201d realizowanym przez Fundacj\u0119 na rzecz Akademii Wychowania Fizycznego im. Eugeniusza Piaseckiego w Poznaniu. Zaj\u0119cia maj\u0105 charakter sportowo- rekreacyjny i przeznaczone s\u0105 dla os\u00f3b po 60 roku \u017cycia zamieszkuj\u0105cych na sta\u0142e na terenie miasta Poznania. Warunkiem [&hellip;]<\/p>\n","protected":false},"author":1,"featured_media":0,"parent":0,"menu_order":0,"comment_status":"closed","ping_status":"closed","template":"","meta":{"footnotes":""},"_links":{"self":[{"href":"https:\/\/trener.awf.poznan.pl\/senioralny\/wp-json\/wp\/v2\/pages\/14"}],"collection":[{"href":"https:\/\/trener.awf.poznan.pl\/senioralny\/wp-json\/wp\/v2\/pages"}],"about":[{"href":"https:\/\/trener.awf.poznan.pl\/senioralny\/wp-json\/wp\/v2\/types\/page"}],"author":[{"embeddable":true,"href":"https:\/\/trener.awf.poznan.pl\/senioralny\/wp-json\/wp\/v2\/users\/1"}],"replies":[{"embeddable":true,"href":"https:\/\/trener.awf.poznan.pl\/senioralny\/wp-json\/wp\/v2\/comments?post=14"}],"version-history":[{"count":11,"href":"https:\/\/trener.awf.poznan.pl\/senioralny\/wp-json\/wp\/v2\/pages\/14\/revisions"}],"predecessor-version":[{"id":1202,"href":"https:\/\/trener.awf.poznan.pl\/senioralny\/wp-json\/wp\/v2\/pages\/14\/revisions\/1202"}],"wp:attachment":[{"href":"https:\/\/trener.awf.poznan.pl\/senioralny\/wp-json\/wp\/v2\/media?parent=14"}],"curies":[{"name":"wp","href":"https:\/\/api.w.org\/{rel}","templated":true}]}}