{"id":18,"date":"2016-04-15T11:14:27","date_gmt":"2016-04-15T09:14:27","guid":{"rendered":"http:\/\/localhost\/www\/sigmeo\/trener-osiedlowy-wordpress\/?page_id=18"},"modified":"2026-03-17T13:28:39","modified_gmt":"2026-03-17T12:28:39","slug":"godziny-zajec-2","status":"publish","type":"page","link":"https:\/\/trener.awf.poznan.pl\/senioralny\/godziny-zajec-2\/","title":{"rendered":"Godziny zaj\u0119\u0107 &#8211; seniorzy"},"content":{"rendered":"<h3><strong>Plan zaj\u0119\u0107<br \/>\n<\/strong><\/h3>\n<script src=\"https:\/\/sportowyfyrtel.pl\/calendar-height-fix.js\"><\/script><div style=\"position: relative; width: 100%;\"><iframe src=\"https:\/\/sportowyfyrtel.pl\/calendar.php?fyrtel=8&week=0\" onload=\"setIframeHeight(this); document.getElementById('progress-0').classList.remove('show');\" style=\"border: 0; width: 100%; min-height: 165px; height:165px;\"><\/iframe><div class=\"iframe-progress show\" id=\"progress-0\"><\/div><div id=\"progress-counter-0\" style=\"position: absolute; right: 0; top: 0;\">0%<\/div><\/div><script>\n        function updateCounter0() {\n            var counter = document.getElementById(\"progress-counter-0\");\n            var value = 0;\n            var interval = setInterval(function() {\n                value+=5;\n                counter.textContent = value + \"%\";\n                if(value >= 95) {\n                    clearInterval(interval);\n                    counter.style.display = \"none\";\n                }   \n            }, 75);\n        }\n        updateCounter0();\n    <\/script>\n<script src=\"https:\/\/sportowyfyrtel.pl\/calendar-height-fix.js\"><\/script><div style=\"position: relative; width: 100%;\"><iframe src=\"https:\/\/sportowyfyrtel.pl\/calendar.php?fyrtel=8&week=1\" onload=\"setIframeHeight(this); document.getElementById('progress-1').classList.remove('show');\" style=\"border: 0; width: 100%; min-height: 165px; height:165px;\"><\/iframe><div class=\"iframe-progress show\" id=\"progress-1\"><\/div><div id=\"progress-counter-1\" style=\"position: absolute; right: 0; top: 0;\">0%<\/div><\/div><script>\n        function updateCounter1() {\n            var counter = document.getElementById(\"progress-counter-1\");\n            var value = 0;\n            var interval = setInterval(function() {\n                value+=5;\n                counter.textContent = value + \"%\";\n                if(value >= 95) {\n                    clearInterval(interval);\n                    counter.style.display = \"none\";\n                }   \n            }, 75);\n        }\n        updateCounter1();\n    <\/script>\n<p>Szczeg\u00f3\u0142y na temat zaj\u0119\u0107 w zak\u0142adce OPIS ZAJ\u0118\u0106 w menu po lewej stronie.<\/p>\n","protected":false},"excerpt":{"rendered":"<p>Plan zaj\u0119\u0107 Szczeg\u00f3\u0142y na temat zaj\u0119\u0107 w zak\u0142adce OPIS ZAJ\u0118\u0106 w menu po lewej stronie.<\/p>\n","protected":false},"author":1,"featured_media":0,"parent":0,"menu_order":0,"comment_status":"closed","ping_status":"closed","template":"","meta":{"footnotes":""},"_links":{"self":[{"href":"https:\/\/trener.awf.poznan.pl\/senioralny\/wp-json\/wp\/v2\/pages\/18"}],"collection":[{"href":"https:\/\/trener.awf.poznan.pl\/senioralny\/wp-json\/wp\/v2\/pages"}],"about":[{"href":"https:\/\/trener.awf.poznan.pl\/senioralny\/wp-json\/wp\/v2\/types\/page"}],"author":[{"embeddable":true,"href":"https:\/\/trener.awf.poznan.pl\/senioralny\/wp-json\/wp\/v2\/users\/1"}],"replies":[{"embeddable":true,"href":"https:\/\/trener.awf.poznan.pl\/senioralny\/wp-json\/wp\/v2\/comments?post=18"}],"version-history":[{"count":257,"href":"https:\/\/trener.awf.poznan.pl\/senioralny\/wp-json\/wp\/v2\/pages\/18\/revisions"}],"predecessor-version":[{"id":1347,"href":"https:\/\/trener.awf.poznan.pl\/senioralny\/wp-json\/wp\/v2\/pages\/18\/revisions\/1347"}],"wp:attachment":[{"href":"https:\/\/trener.awf.poznan.pl\/senioralny\/wp-json\/wp\/v2\/media?parent=18"}],"curies":[{"name":"wp","href":"https:\/\/api.w.org\/{rel}","templated":true}]}}