{"id":4,"date":"2016-04-15T11:10:00","date_gmt":"2016-04-15T09:10:00","guid":{"rendered":"http:\/\/localhost\/www\/sigmeo\/trener-osiedlowy-wordpress\/?page_id=4"},"modified":"2021-05-19T16:21:39","modified_gmt":"2021-05-19T14:21:39","slug":"o-programie","status":"publish","type":"page","link":"https:\/\/trener.awf.poznan.pl\/senioralny\/o-programie\/","title":{"rendered":"O programie"},"content":{"rendered":"<p style=\"text-align: left;\">Historia:<\/p>\n<p style=\"text-align: left;\">Wszystko rozpocz\u0119\u0142o si\u0119 w 2009 roku. Pozna\u0144 \u015bladem Wroc\u0142awia postawi\u0142 sobie ambitny cel. Wykorzysta\u0107 miejsk\u0105 baz\u0119 sportow\u0105 dla dzieci i m\u0142odzie\u017cy w czasie wolnym od nauki. Komisja konkursowa dzia\u0142aj\u0105ca przy Wydziale Kultury Fizycznej (obecnie Wydzia\u0142 Sportu) Urz\u0119du Miasta Poznania, zdecydowa\u0142a si\u0119 powierzy\u0107 zadanie Pozna\u0144skiemu SZS oraz Fundacji na rzecz AWF w Poznaniu. Ka\u017cdy z podmiot\u00f3w realizowa\u0142 program na sw\u00f3j spos\u00f3b ale cel by\u0142 jeden- wyj\u015b\u0107 naprzeciw nowemu pokoleniu m\u0142odych ludzi zach\u0119caj\u0105c ich do aktywno\u015bci fizycznej. Chwytliwa nazwa \u201cTrener Osiedlowy\u201d od razu podbi\u0142a serca poznaniak\u00f3w. Od pocz\u0105tku program Fundacji realizowany by\u0142 w trzyosobowym zespole Tomasz Ber, Szymon Rakowski, Tomasz Wudarski. Zesp\u00f3\u0142 ten przez wiele lat opr\u00f3cz \u015brodk\u00f3w z bud\u017cetu miasta pozyskiwa\u0142 dodatkowe \u015brodki na program np. z Ministerstwa Sportu czy w ramach FIO. Na bazie tych do\u015bwiadcze\u0144 w 2014 roku zapad\u0142a decyzja o zg\u0142oszeniu programu w konsultacjach spo\u0142ecznych pod nazw\u0105 Pozna\u0144ski Bud\u017cet Obywatelski 2015. Innowacyjnie do\u0142\u0105czono do nazwy autorski komponent &#8222;Trener Senioralny&#8221;. Program otrzyma\u0142 dofinasowanie nie tylko w ramach PBO ale r\u00f3wnie\u017c w Ministerstwie Pracy i Polityki Spo\u0142ecznej otrzymuj\u0105c dofinasowanie w ramach ASOS. Od tego czasu Trener Osiedlowy i Senioralny tak spodoba\u0142 si\u0119 poznaniakom, \u017ce corocznie wybieraj\u0105 go w czasie g\u0142osowania na Pozna\u0144ski Bud\u017cet Obywatelski\u00a0 Historia lubi toczy\u0107 si\u0119 ko\u0142em i w 2018 roku Wroc\u0142aw, z kt\u00f3rego do\u015bwiadcze\u0144 w 2009 roku korzystali\u015bmy w zakresie Trener\u00f3w Osiedlowych, zdecydowa\u0142 si\u0119 uruchomi\u0107 zaj\u0119cia z Trenerem Senioralnym, wzorowane na naszych dzia\u0142aniach.<\/p>\n<p><iframe loading=\"lazy\" title=\"Zaj\u0119cia z TRENEREM SENIORALNYM- Pozna\u0144 2018. #poznanwspiera\" width=\"500\" height=\"281\" src=\"https:\/\/www.youtube.com\/embed\/q6I6cNfwgxI?feature=oembed\" frameborder=\"0\" allow=\"accelerometer; autoplay; clipboard-write; encrypted-media; gyroscope; picture-in-picture\" allowfullscreen><\/iframe><\/p>\n<p style=\"text-align: left;\">W 2018 roku wprowadzane s\u0105 w ramach programu dzia\u0142ania pilota\u017cowe- \u201eTrener Przedszkolaka\u201d zaj\u0119cia dla dzieci w wieku przedszkolnym \u0142\u0105cz\u0105ce rywalizacj\u0119 z elementami korektywy oraz gier i zabaw oraz \u201eO-Ty fit\u201d \u2013 dzia\u0142anie skierowane dla os\u00f3b ze znaczn\u0105 oty\u0142o\u015bci\u0105, pragn\u0105cych zredukowa\u0107 swoj\u0105 mas\u0119 cia\u0142a. Ewaluacja potwierdza wst\u0119pn\u0105 diagnoz\u0119 du\u017cego zapotrzebowania na tego typu zaj\u0119cia przez co program zostaje rozszerzony. Od 2019 roku mieszka\u0144cy Poznania poznaj\u0105 program &#8222;Trener Osiedlowy, Trener Senioralny, Trener Przedszkolaka&#8221; w nowej identyfikacji wizualnej w postaci jaka jest realizowana do dnia dzisiejszego.<\/p>\n<p style=\"text-align: left;\">Projekt by\u0142 kilkukrotnie nagradzany. W 2016 otrzyma\u0142 presti\u017cow\u0105 nagrod\u0119 \u201eInicjator- Najlepsza Pozna\u0144ska Inicjatywa Pozarz\u0105dowa\u201d w kategorii Sport a w 2019 roku podczas \u201ePozna\u0144skiej Gali Sportu\u201d otrzyma\u0142 nagrod\u0119 honorow\u0105. Program wizytowali przedstawiciele miast partnerskich Poznania czy na przyk\u0142ad delegacja Du\u0144skiego rz\u0105du, zainteresowanych dzia\u0142aniami. .Rocznie z zaj\u0119\u0107 z Trenerem Osiedlowym korzysta oko\u0142o 6000 dzieci i m\u0142odzie\u017cy i blisko 5000 senior\u00f3w, b\u0119d\u0105c tym samym najwi\u0119kszym programem profilaktyki ruchem- dzieci m\u0142odzie\u017cy i senior\u00f3w w Europie.<\/p>\n<p><iframe loading=\"lazy\" title=\"10 lat programu Trener Osiedlowy Trener Senioralny i Trener Przedszkolaka\" width=\"500\" height=\"281\" src=\"https:\/\/www.youtube.com\/embed\/dUZa4bPcaBk?feature=oembed\" frameborder=\"0\" allow=\"accelerometer; autoplay; clipboard-write; encrypted-media; gyroscope; picture-in-picture\" allowfullscreen><\/iframe><\/p>\n<p style=\"text-align: left;\">Idea programu:<\/p>\n<p style=\"text-align: left;\">W du\u017cym skr\u00f3cie ide\u0105 przedsi\u0119wzi\u0119cia jest organizacja bezp\u0142atnych zaj\u0119\u0107 sportowo-rekreacyjnych, animacji czasu wolnego, dla m\u0142odych ludzi, kt\u00f3re odbywaj\u0105 si\u0119 w czasie wolnym od nauki, w oparciu o miejsk\u0105 baz\u0119 sportowo rekreacyjn\u0105 (g\u0142ownie przyszkolne boiska ze sztuczn\u0105 nawierzchni\u0105 oraz boiska typu Orlik). Pod opiek\u0105 \u201eTrener\u00f3w Osiedlowych\u201d, b\u0119d\u0105cych wyselekcjonowan\u0105 grup\u0105 student\u00f3w i absolwent\u00f3w AWF lub uczelni pokrewnych, m\u0142odzi ludzie mog\u0105 nie tylko zagra\u0107 w zespo\u0142owe gry sportowe, ale r\u00f3wnie\u017c pozna\u0107 zabawy i gry ludowe jak \u201epier\u015bcieni\u00f3wka\u201d, \u201epalant\u201d czy \u201ekwadrant\u201d. Trenerzy organizuj\u0105 r\u00f3wnie\u017c we wsp\u00f3\u0142pracy ze \u015brodowiskiem lokalnym osiedlowe turnieje, festyny i rozgrywki. Wybieraj\u0105 si\u0119 z m\u0142odymi lud\u017ami na wycieczki rowerowe, spacery, nad miejskie k\u0105pielisko czy np. do ZOO. Maja w najwi\u0119kszym skr\u00f3cie pokaza\u0107 atrakcyjn\u0105 aktywno\u015b\u0107 fizyczn\u0105 bez ocen i sprawdzian\u00f3w. Zach\u0119caj\u0105c do aktywnego sp\u0119dzania czasu odci\u0105gn\u0105\u0107, dzieci i m\u0142odzie\u017c sprzed monitor\u00f3w komputer\u00f3w i smartphon\u00f3w. Z kolei zaj\u0119cia w ramach komponentu Trener Senioralny to oferta dla os\u00f3b kt\u00f3re uko\u0144czy\u0142o 60 rok \u017cycia. Bez tych zaj\u0119\u0107 na chwil\u0119 obecn\u0105 nikt nie wyobra\u017ca ju\u017c sobie krajobrazu Poznania. Tylko w ci\u0105gu jednego tygodnia w ramach tego komponentu odbywaj\u0105 si\u0119 zaj\u0119cia dla przesz\u0142o 160 grup \u0107wiczebnych czyli dla oko\u0142o 4000 senior\u00f3w. Mog\u0105 oni wybiera\u0107 w\u015br\u00f3d r\u00f3\u017cnych rodzaj\u00f3w \u0107wicze\u0144 takich jak na przyk\u0142ad: Aquafitness, Ball \u2013 shape, Spinning (indoor cycling), Zaj\u0119cia taneczno \u2013 gimnastyczne, Zumba, Aktywny Senior, Senior Dance, Senior Balance, \u0106wiczenia Gimnastyczne \u201eSTOP UPADKOM\u201d, Z\u0142ap Oddech, Zaj\u0119cia na si\u0142owniach zewn\u0119trznych, Nordic Walking Zdrowy kr\u0119gos\u0142up, Aerobic taneczny + wzmacnianie, Aqua Senior, Gimnastyka na matach, Aqua Gimnastyka, Zumba Gold, Gimnastyka Przy Muzyce czy nawet Bryd\u017c sportowy, Tenis sto\u0142owy, Fitball lub Joga.\u00a0 Za\u0142o\u017cenie komponentu Trener Przedszkolaka, by\u0142o i jest bardzo bardzo proste- korekta wad postawy\/ edukacja poprzez zabaw\u0119 zar\u00f3wno dzieci jak dla ich przedszkolnych opiekun\u00f3w. Coraz cz\u0119\u015bciej obserwuje si\u0119 wady postawy u dzieci w wieku przedszkolnym. Zaj\u0119cia korektywne prowadzone s\u0105 raczej dodatkowo, cz\u0119sto trzeba za nie p\u0142aci\u0107. Z drugiej strony obserwujemy do\u015bwiadczony pedagogicznie personel Przedszkoli, kt\u00f3remu niekiedy brakuje do\u015bwiadczenia czy nowych propozycji zaj\u0119\u0107 w zakresie rozwijania fizyczno\u015bci dzieci. Chcemy jednym dzia\u0142aniem rozwi\u0105za\u0107 te problemy. Do\u015bwiadczeni fizjoterapeuci i trenerzy prowadz\u0105 dla ka\u017cdej grupy, raz w tygodniu, 30-minutowe zaj\u0119cia \u0142\u0105cz\u0105ce w sobie elementy korekcji wad postawy, profilaktyki z bardzo dobr\u0105 zabaw\u0105 i odrobin\u0105 rywalizacji, kt\u00f3r\u0105 dzieci uwielbiaj\u0105. W zaj\u0119cia musz\u0105 anga\u017cowa\u0107 si\u0119 zawsze nauczyciele prowadz\u0105cy grup\u0119, tak aby p\u00f3\u017aniej wykorzystywa\u0107 poznane \u0107wiczenia czy gry i zabawy w codziennej pracy wychowawczej.<\/p>\n<p style=\"text-align: left;\">Program w ca\u0142o\u015bci finansowany jest ze \u015brodk\u00f3w Wydzia\u0142u Sportu Urz\u0119du Miasta Poznania w ramach Pozna\u0144skiego Bud\u017cetu Obywatelskiego.<\/p>\n<p style=\"text-align: left;\">#poznanwspiera<\/p>\n","protected":false},"excerpt":{"rendered":"<p>Historia: Wszystko rozpocz\u0119\u0142o si\u0119 w 2009 roku. Pozna\u0144 \u015bladem Wroc\u0142awia postawi\u0142 sobie ambitny cel. Wykorzysta\u0107 miejsk\u0105 baz\u0119 sportow\u0105 dla dzieci i m\u0142odzie\u017cy w czasie wolnym od nauki. Komisja konkursowa dzia\u0142aj\u0105ca przy Wydziale Kultury Fizycznej (obecnie Wydzia\u0142 Sportu) Urz\u0119du Miasta Poznania, zdecydowa\u0142a si\u0119 powierzy\u0107 zadanie Pozna\u0144skiemu SZS oraz Fundacji na rzecz AWF w Poznaniu. Ka\u017cdy z [&hellip;]<\/p>\n","protected":false},"author":1,"featured_media":0,"parent":0,"menu_order":0,"comment_status":"closed","ping_status":"closed","template":"","meta":{"footnotes":""},"_links":{"self":[{"href":"https:\/\/trener.awf.poznan.pl\/senioralny\/wp-json\/wp\/v2\/pages\/4"}],"collection":[{"href":"https:\/\/trener.awf.poznan.pl\/senioralny\/wp-json\/wp\/v2\/pages"}],"about":[{"href":"https:\/\/trener.awf.poznan.pl\/senioralny\/wp-json\/wp\/v2\/types\/page"}],"author":[{"embeddable":true,"href":"https:\/\/trener.awf.poznan.pl\/senioralny\/wp-json\/wp\/v2\/users\/1"}],"replies":[{"embeddable":true,"href":"https:\/\/trener.awf.poznan.pl\/senioralny\/wp-json\/wp\/v2\/comments?post=4"}],"version-history":[{"count":10,"href":"https:\/\/trener.awf.poznan.pl\/senioralny\/wp-json\/wp\/v2\/pages\/4\/revisions"}],"predecessor-version":[{"id":898,"href":"https:\/\/trener.awf.poznan.pl\/senioralny\/wp-json\/wp\/v2\/pages\/4\/revisions\/898"}],"wp:attachment":[{"href":"https:\/\/trener.awf.poznan.pl\/senioralny\/wp-json\/wp\/v2\/media?parent=4"}],"curies":[{"name":"wp","href":"https:\/\/api.w.org\/{rel}","templated":true}]}}