{"id":80,"date":"2016-04-20T13:09:41","date_gmt":"2016-04-20T11:09:41","guid":{"rendered":"http:\/\/localhost\/www\/sigmeo\/trener-osiedlowy-wordpress\/?page_id=80"},"modified":"2017-09-27T10:18:58","modified_gmt":"2017-09-27T08:18:58","slug":"galeria","status":"publish","type":"page","link":"https:\/\/trener.awf.poznan.pl\/senioralny\/galeria\/","title":{"rendered":"Galeria"},"content":{"rendered":"<p><a href=\"https:\/\/www.facebook.com\/TrenerSenioralny\/\">Wszystkie zdj\u0119cia z zaj\u0119\u0107 oboz\u00f3w i imprez udost\u0119pnimy na stronie programu na Facebook.com. &gt;&gt;Kliknij tu&lt;&lt;<\/a><\/p>\n<p>&nbsp;<\/p>\n","protected":false},"excerpt":{"rendered":"<p>Wszystkie zdj\u0119cia z zaj\u0119\u0107 oboz\u00f3w i imprez udost\u0119pnimy na stronie programu na Facebook.com. &gt;&gt;Kliknij tu&lt;&lt; &nbsp;<\/p>\n","protected":false},"author":1,"featured_media":0,"parent":0,"menu_order":0,"comment_status":"closed","ping_status":"closed","template":"","meta":{"footnotes":""},"_links":{"self":[{"href":"https:\/\/trener.awf.poznan.pl\/senioralny\/wp-json\/wp\/v2\/pages\/80"}],"collection":[{"href":"https:\/\/trener.awf.poznan.pl\/senioralny\/wp-json\/wp\/v2\/pages"}],"about":[{"href":"https:\/\/trener.awf.poznan.pl\/senioralny\/wp-json\/wp\/v2\/types\/page"}],"author":[{"embeddable":true,"href":"https:\/\/trener.awf.poznan.pl\/senioralny\/wp-json\/wp\/v2\/users\/1"}],"replies":[{"embeddable":true,"href":"https:\/\/trener.awf.poznan.pl\/senioralny\/wp-json\/wp\/v2\/comments?post=80"}],"version-history":[{"count":3,"href":"https:\/\/trener.awf.poznan.pl\/senioralny\/wp-json\/wp\/v2\/pages\/80\/revisions"}],"predecessor-version":[{"id":429,"href":"https:\/\/trener.awf.poznan.pl\/senioralny\/wp-json\/wp\/v2\/pages\/80\/revisions\/429"}],"wp:attachment":[{"href":"https:\/\/trener.awf.poznan.pl\/senioralny\/wp-json\/wp\/v2\/media?parent=80"}],"curies":[{"name":"wp","href":"https:\/\/api.w.org\/{rel}","templated":true}]}}